{"id":58,"date":"2022-10-05T16:50:46","date_gmt":"2022-10-05T19:50:46","guid":{"rendered":"https:\/\/www.rednesp.br\/?page_id=58"},"modified":"2024-06-17T11:40:20","modified_gmt":"2024-06-17T14:40:20","slug":"suporte","status":"publish","type":"page","link":"https:\/\/rednesp.br\/en\/suporte\/","title":{"rendered":"Support"},"content":{"rendered":"<div data-elementor-type=\"wp-page\" data-elementor-id=\"58\" class=\"elementor elementor-58\">\n\t\t\t\t\t\t<section class=\"elementor-section elementor-top-section elementor-element elementor-element-ce07977 elementor-section-boxed elementor-section-height-default elementor-section-height-default\" data-id=\"ce07977\" data-element_type=\"section\">\n\t\t\t\t\t\t<div class=\"elementor-container elementor-column-gap-default\">\n\t\t\t\t\t<div class=\"elementor-column elementor-col-100 elementor-top-column elementor-element elementor-element-c3116c2\" data-id=\"c3116c2\" data-element_type=\"column\">\n\t\t\t<div class=\"elementor-widget-wrap elementor-element-populated\">\n\t\t\t\t\t\t<div class=\"elementor-element elementor-element-3127172 elementor-widget elementor-widget-spacer\" data-id=\"3127172\" data-element_type=\"widget\" data-widget_type=\"spacer.default\">\n\t\t\t\t<div class=\"elementor-widget-container\">\n\t\t\t\t\t\t\t<div class=\"elementor-spacer\">\n\t\t\t<div class=\"elementor-spacer-inner\"><\/div>\n\t\t<\/div>\n\t\t\t\t\t\t<\/div>\n\t\t\t\t<\/div>\n\t\t\t\t<div class=\"elementor-element elementor-element-31017c6 elementor-widget elementor-widget-text-editor\" data-id=\"31017c6\" data-element_type=\"widget\" data-widget_type=\"text-editor.default\">\n\t\t\t\t<div class=\"elementor-widget-container\">\n\t\t\t\t\t\t\t\t\t<p><strong>If your network is going through an emergency situation, please use the contacts below, your order will be forwarded to the operation and maintenance team:<\/strong><\/p><p><b>rednesp\u00a0<\/b>(24 x 7 x 365)<\/p><p>Tel.: +55 11 3136-2785<\/p><p>E-mail:\u00a0<a href=\"mailto:24x7@rednesp.br\"><span id=\"cloak93869da637e1abafbdf5c3931203b0de\">24&#215;7@rednesp.br<\/span><\/a><\/p>\t\t\t\t\t\t\t\t<\/div>\n\t\t\t\t<\/div>\n\t\t\t\t\t<\/div>\n\t\t<\/div>\n\t\t\t\t\t<\/div>\n\t\t<\/section>\n\t\t\t\t<section class=\"elementor-section elementor-top-section elementor-element elementor-element-b8d1150 elementor-section-boxed elementor-section-height-default elementor-section-height-default\" data-id=\"b8d1150\" data-element_type=\"section\">\n\t\t\t\t\t\t<div class=\"elementor-container elementor-column-gap-default\">\n\t\t\t\t\t<div class=\"elementor-column elementor-col-100 elementor-top-column elementor-element elementor-element-2f0390d\" data-id=\"2f0390d\" data-element_type=\"column\">\n\t\t\t<div class=\"elementor-widget-wrap elementor-element-populated\">\n\t\t\t\t\t\t<div class=\"elementor-element elementor-element-e38dcbf elementor-widget elementor-widget-text-editor\" data-id=\"e38dcbf\" data-element_type=\"widget\" data-widget_type=\"text-editor.default\">\n\t\t\t\t<div class=\"elementor-widget-container\">\n\t\t\t\t\t\t\t\t\t<p style=\"text-align: center;\"><b>For more information, please contact us:<\/b>:<\/p><p style=\"text-align: center;\">E-mail: <a href=\"mailto:contato@rednesp.br\">contato@rednesp.br<\/a><\/p>\t\t\t\t\t\t\t\t<\/div>\n\t\t\t\t<\/div>\n\t\t\t\t\t<\/div>\n\t\t<\/div>\n\t\t\t\t\t<\/div>\n\t\t<\/section>\n\t\t\t\t<section class=\"elementor-section elementor-top-section elementor-element elementor-element-146c90d elementor-section-boxed elementor-section-height-default elementor-section-height-default\" data-id=\"146c90d\" data-element_type=\"section\">\n\t\t\t\t\t\t<div class=\"elementor-container elementor-column-gap-default\">\n\t\t\t\t\t<div class=\"elementor-column elementor-col-100 elementor-top-column elementor-element elementor-element-146df0a\" data-id=\"146df0a\" data-element_type=\"column\">\n\t\t\t<div class=\"elementor-widget-wrap elementor-element-populated\">\n\t\t\t\t\t\t<div class=\"elementor-element elementor-element-9c1b83b elementor-pagination-position-outside elementor-widget elementor-widget-image-carousel\" data-id=\"9c1b83b\" data-element_type=\"widget\" data-settings=\"{&quot;navigation&quot;:&quot;dots&quot;,&quot;pause_on_interaction&quot;:&quot;no&quot;,&quot;autoplay_speed&quot;:2500,&quot;autoplay&quot;:&quot;yes&quot;,&quot;pause_on_hover&quot;:&quot;yes&quot;,&quot;infinite&quot;:&quot;yes&quot;,&quot;speed&quot;:500}\" data-widget_type=\"image-carousel.default\">\n\t\t\t\t<div class=\"elementor-widget-container\">\n\t\t\t\t\t\t\t<div class=\"elementor-image-carousel-wrapper swiper\" role=\"region\" aria-roledescription=\"carousel\" aria-label=\"Image Carousel\" dir=\"ltr\">\n\t\t\t<div class=\"elementor-image-carousel swiper-wrapper\" aria-live=\"off\">\n\t\t\t\t\t\t\t\t<div class=\"swiper-slide\" role=\"group\" aria-roledescription=\"slide\" aria-label=\"1 of 3\"><figure class=\"swiper-slide-inner\"><img decoding=\"async\" class=\"swiper-slide-image\" src=\"https:\/\/rednesp.br\/wp-content\/uploads\/2022\/10\/cyber-2377718_1920-e1604501298151-300x169.jpg\" alt=\"cyber-2377718_1920-e1604501298151\" \/><\/figure><\/div><div class=\"swiper-slide\" role=\"group\" aria-roledescription=\"slide\" aria-label=\"2 of 3\"><figure class=\"swiper-slide-inner\"><img decoding=\"async\" class=\"swiper-slide-image\" src=\"https:\/\/rednesp.br\/wp-content\/uploads\/2022\/10\/sever-3100049_1920-e1610462138997-300x170.jpg\" alt=\"sever-3100049_1920-e1610462138997\" \/><\/figure><\/div><div class=\"swiper-slide\" role=\"group\" aria-roledescription=\"slide\" aria-label=\"3 of 3\"><figure class=\"swiper-slide-inner\"><img decoding=\"async\" class=\"swiper-slide-image\" src=\"https:\/\/rednesp.br\/wp-content\/uploads\/2022\/10\/paul-hanaoka-s0XabTAKvak-unsplash-scaled-e1610462185298-300x165.jpg\" alt=\"paul-hanaoka-s0XabTAKvak-unsplash-scaled-e1610462185298\" \/><\/figure><\/div>\t\t\t<\/div>\n\t\t\t\t\t\t\t\n\t\t\t\t\t\t\t\t\t<div class=\"swiper-pagination\"><\/div>\n\t\t\t\t\t\t\t\t\t<\/div>\n\t\t\t\t\t\t<\/div>\n\t\t\t\t<\/div>\n\t\t\t\t\t<\/div>\n\t\t<\/div>\n\t\t\t\t\t<\/div>\n\t\t<\/section>\n\t\t\t\t<\/div>","protected":false},"excerpt":{"rendered":"<p>Se sua rede est\u00e1 passando por uma situa\u00e7\u00e3o de emerg\u00eancia, por favor acione os contatos abaixo, seu pedido ser\u00e1 encaminhado para a equipe de opera\u00e7\u00e3o e manuten\u00e7\u00e3o: rednesp\u00a0(24 x 7 x 365) Tel.: +55 11 3136-2785 E-mail:\u00a024&#215;7@rednesp.br Para outras informa\u00e7\u00f5es: E-mail: contato@rednesp.br<\/p>","protected":false},"author":2,"featured_media":0,"parent":0,"menu_order":0,"comment_status":"closed","ping_status":"closed","template":"","meta":{"footnotes":""},"class_list":["post-58","page","type-page","status-publish","hentry","entry"],"_links":{"self":[{"href":"https:\/\/rednesp.br\/en\/wp-json\/wp\/v2\/pages\/58","targetHints":{"allow":["GET"]}}],"collection":[{"href":"https:\/\/rednesp.br\/en\/wp-json\/wp\/v2\/pages"}],"about":[{"href":"https:\/\/rednesp.br\/en\/wp-json\/wp\/v2\/types\/page"}],"author":[{"embeddable":true,"href":"https:\/\/rednesp.br\/en\/wp-json\/wp\/v2\/users\/2"}],"replies":[{"embeddable":true,"href":"https:\/\/rednesp.br\/en\/wp-json\/wp\/v2\/comments?post=58"}],"version-history":[{"count":17,"href":"https:\/\/rednesp.br\/en\/wp-json\/wp\/v2\/pages\/58\/revisions"}],"predecessor-version":[{"id":517,"href":"https:\/\/rednesp.br\/en\/wp-json\/wp\/v2\/pages\/58\/revisions\/517"}],"wp:attachment":[{"href":"https:\/\/rednesp.br\/en\/wp-json\/wp\/v2\/media?parent=58"}],"curies":[{"name":"wp","href":"https:\/\/api.w.org\/{rel}","templated":true}]}}