{"id":55,"date":"2022-10-05T16:50:02","date_gmt":"2022-10-05T19:50:02","guid":{"rendered":"https:\/\/www.rednesp.br\/?page_id=55"},"modified":"2022-10-19T16:27:22","modified_gmt":"2022-10-19T19:27:22","slug":"projetos","status":"publish","type":"page","link":"https:\/\/rednesp.br\/en\/projetos\/","title":{"rendered":"Projects"},"content":{"rendered":"<div data-elementor-type=\"wp-page\" data-elementor-id=\"55\" class=\"elementor elementor-55\">\n\t\t\t\t\t\t<section class=\"elementor-section elementor-top-section elementor-element elementor-element-9b1fe8b elementor-section-boxed elementor-section-height-default elementor-section-height-default\" data-id=\"9b1fe8b\" data-element_type=\"section\">\n\t\t\t\t\t\t<div class=\"elementor-container elementor-column-gap-default\">\n\t\t\t\t\t<div class=\"elementor-column elementor-col-100 elementor-top-column elementor-element elementor-element-000e3f7\" data-id=\"000e3f7\" data-element_type=\"column\">\n\t\t\t<div class=\"elementor-widget-wrap elementor-element-populated\">\n\t\t\t\t\t\t<div class=\"elementor-element elementor-element-739fac3 elementor-widget elementor-widget-spacer\" data-id=\"739fac3\" data-element_type=\"widget\" data-widget_type=\"spacer.default\">\n\t\t\t\t<div class=\"elementor-widget-container\">\n\t\t\t\t\t\t\t<div class=\"elementor-spacer\">\n\t\t\t<div class=\"elementor-spacer-inner\"><\/div>\n\t\t<\/div>\n\t\t\t\t\t\t<\/div>\n\t\t\t\t<\/div>\n\t\t\t\t<div class=\"elementor-element elementor-element-b1518cf elementor-widget elementor-widget-heading\" data-id=\"b1518cf\" data-element_type=\"widget\" data-widget_type=\"heading.default\">\n\t\t\t\t<div class=\"elementor-widget-container\">\n\t\t\t\t\t<h2 class=\"elementor-heading-title elementor-size-default\">Projects in which rednesp is involved<\/h2>\t\t\t\t<\/div>\n\t\t\t\t<\/div>\n\t\t\t\t<section class=\"elementor-section elementor-inner-section elementor-element elementor-element-3fdaeba elementor-section-boxed elementor-section-height-default elementor-section-height-default\" data-id=\"3fdaeba\" data-element_type=\"section\">\n\t\t\t\t\t\t<div class=\"elementor-container elementor-column-gap-default\">\n\t\t\t\t\t<div class=\"elementor-column elementor-col-50 elementor-inner-column elementor-element elementor-element-95cb4a0\" data-id=\"95cb4a0\" data-element_type=\"column\">\n\t\t\t<div class=\"elementor-widget-wrap elementor-element-populated\">\n\t\t\t\t\t\t<div class=\"elementor-element elementor-element-84b796c elementor-widget elementor-widget-image\" data-id=\"84b796c\" data-element_type=\"widget\" data-widget_type=\"image.default\">\n\t\t\t\t<div class=\"elementor-widget-container\">\n\t\t\t\t\t\t\t\t\t\t\t\t\t\t\t<img decoding=\"async\" src=\"https:\/\/rednesp.br\/wp-content\/uploads\/elementor\/thumbs\/AmLight-1-pwex4bm7jlaj9hwpmu7wb3ct0lh3u0iiyonniw6o12.jpg\" title=\"AmLight\" alt=\"AmLight\" loading=\"lazy\" \/>\t\t\t\t\t\t\t\t\t\t\t\t\t\t\t<\/div>\n\t\t\t\t<\/div>\n\t\t\t\t\t<\/div>\n\t\t<\/div>\n\t\t\t\t<div class=\"elementor-column elementor-col-50 elementor-inner-column elementor-element elementor-element-aa0ef03\" data-id=\"aa0ef03\" data-element_type=\"column\">\n\t\t\t<div class=\"elementor-widget-wrap elementor-element-populated\">\n\t\t\t\t\t\t<div class=\"elementor-element elementor-element-5c43647 elementor-widget elementor-widget-text-editor\" data-id=\"5c43647\" data-element_type=\"widget\" data-widget_type=\"text-editor.default\">\n\t\t\t\t<div class=\"elementor-widget-container\">\n\t\t\t\t\t\t\t\t\t<p>The AmLight project is an academic consortium co-financed by NSF, rednesp and RNP, aimed at operating multiple broadband channels between academic networks in Latin America, with the main points of interconnection being the cities of Miami (USA), S\u00e3o Paulo, Fortaleza, Panama City and Santiago, Chile. In addition, the rednesp team is directly involved in the development of the SDN Kytos-NG platform.<\/p>\t\t\t\t\t\t\t\t<\/div>\n\t\t\t\t<\/div>\n\t\t\t\t\t<\/div>\n\t\t<\/div>\n\t\t\t\t\t<\/div>\n\t\t<\/section>\n\t\t\t\t<section class=\"elementor-section elementor-inner-section elementor-element elementor-element-0f719bc elementor-section-boxed elementor-section-height-default elementor-section-height-default\" data-id=\"0f719bc\" data-element_type=\"section\">\n\t\t\t\t\t\t<div class=\"elementor-container elementor-column-gap-default\">\n\t\t\t\t\t<div class=\"elementor-column elementor-col-50 elementor-inner-column elementor-element elementor-element-f81ee70\" data-id=\"f81ee70\" data-element_type=\"column\">\n\t\t\t<div class=\"elementor-widget-wrap elementor-element-populated\">\n\t\t\t\t\t\t<div class=\"elementor-element elementor-element-a9bb9b0 elementor-hidden-desktop elementor-hidden-tablet elementor-widget elementor-widget-image\" data-id=\"a9bb9b0\" data-element_type=\"widget\" data-widget_type=\"image.default\">\n\t\t\t\t<div class=\"elementor-widget-container\">\n\t\t\t\t\t\t\t\t\t\t\t\t\t\t\t<img decoding=\"async\" src=\"https:\/\/rednesp.br\/wp-content\/uploads\/elementor\/thumbs\/GNA-G_logo-pwetlha9afnkju5kb0eau3nj6qnz4eyi6veu4o97o2.png\" title=\"GNA-G\" alt=\"GNA-G\" loading=\"lazy\" \/>\t\t\t\t\t\t\t\t\t\t\t\t\t\t\t<\/div>\n\t\t\t\t<\/div>\n\t\t\t\t<div class=\"elementor-element elementor-element-970c2ef elementor-widget elementor-widget-text-editor\" data-id=\"970c2ef\" data-element_type=\"widget\" data-widget_type=\"text-editor.default\">\n\t\t\t\t<div class=\"elementor-widget-container\">\n\t\t\t\t\t\t\t\t\t<p>The Global Network Avancement Group (GNA-G), successor to the former Global Lambda Integrated Facility (GLIF), is a virtual organization of academic networks with the objective of providing international connectivity (dedicated, temporary or permanent) to research projects that demand it.<\/p>\t\t\t\t\t\t\t\t<\/div>\n\t\t\t\t<\/div>\n\t\t\t\t\t<\/div>\n\t\t<\/div>\n\t\t\t\t<div class=\"elementor-column elementor-col-50 elementor-inner-column elementor-element elementor-element-1220339\" data-id=\"1220339\" data-element_type=\"column\">\n\t\t\t<div class=\"elementor-widget-wrap elementor-element-populated\">\n\t\t\t\t\t\t<div class=\"elementor-element elementor-element-9d58bf4 elementor-hidden-mobile elementor-widget elementor-widget-image\" data-id=\"9d58bf4\" data-element_type=\"widget\" data-widget_type=\"image.default\">\n\t\t\t\t<div class=\"elementor-widget-container\">\n\t\t\t\t\t\t\t\t\t\t\t\t\t\t\t<img decoding=\"async\" src=\"https:\/\/rednesp.br\/wp-content\/uploads\/elementor\/thumbs\/GNA-G_logo-pwetlha9afnkju5kb0eau3nj6qnz4eyi6veu4o97o2.png\" title=\"GNA-G\" alt=\"GNA-G\" loading=\"lazy\" \/>\t\t\t\t\t\t\t\t\t\t\t\t\t\t\t<\/div>\n\t\t\t\t<\/div>\n\t\t\t\t\t<\/div>\n\t\t<\/div>\n\t\t\t\t\t<\/div>\n\t\t<\/section>\n\t\t\t\t<section class=\"elementor-section elementor-inner-section elementor-element elementor-element-618fa7f elementor-section-boxed elementor-section-height-default elementor-section-height-default\" data-id=\"618fa7f\" data-element_type=\"section\">\n\t\t\t\t\t\t<div class=\"elementor-container elementor-column-gap-default\">\n\t\t\t\t\t<div class=\"elementor-column elementor-col-50 elementor-inner-column elementor-element elementor-element-599bbf5\" data-id=\"599bbf5\" data-element_type=\"column\">\n\t\t\t<div class=\"elementor-widget-wrap elementor-element-populated\">\n\t\t\t\t\t\t<div class=\"elementor-element elementor-element-7fee2c0 elementor-widget elementor-widget-image\" data-id=\"7fee2c0\" data-element_type=\"widget\" data-widget_type=\"image.default\">\n\t\t\t\t<div class=\"elementor-widget-container\">\n\t\t\t\t\t\t\t\t\t\t\t\t\t\t\t<img decoding=\"async\" src=\"https:\/\/rednesp.br\/wp-content\/uploads\/elementor\/thumbs\/SPRACE-pwetlha9afnkju5kb0eau3nj6qnz4eyi6veu4o97m4.png\" title=\"SPRACE\" alt=\"SPRACE\" loading=\"lazy\" \/>\t\t\t\t\t\t\t\t\t\t\t\t\t\t\t<\/div>\n\t\t\t\t<\/div>\n\t\t\t\t\t<\/div>\n\t\t<\/div>\n\t\t\t\t<div class=\"elementor-column elementor-col-50 elementor-inner-column elementor-element elementor-element-f24adb2\" data-id=\"f24adb2\" data-element_type=\"column\">\n\t\t\t<div class=\"elementor-widget-wrap elementor-element-populated\">\n\t\t\t\t\t\t<div class=\"elementor-element elementor-element-d4e94fe elementor-widget elementor-widget-text-editor\" data-id=\"d4e94fe\" data-element_type=\"widget\" data-widget_type=\"text-editor.default\">\n\t\t\t\t<div class=\"elementor-widget-container\">\n\t\t\t\t\t\t\t\t\t<p><span style=\"font-family: Galdeano, sans-serif; font-size: 14px; font-style: normal; font-variant-ligatures: normal; font-variant-caps: normal; font-weight: 400; white-space: pre-wrap;\">The S\u00e3o Paulo Research and Analysis Center (SPRACE), located at the Theoretical Physics Institute of the Universidade Estadual Paulista (Unesp), is the main user of the network provided by Rednesp, being responsible for part of the worldwide data processing of the Large Hadron Collider (LHC) of CERN, Switzerland.<\/span><\/p>\t\t\t\t\t\t\t\t<\/div>\n\t\t\t\t<\/div>\n\t\t\t\t\t<\/div>\n\t\t<\/div>\n\t\t\t\t\t<\/div>\n\t\t<\/section>\n\t\t\t\t<section class=\"elementor-section elementor-inner-section elementor-element elementor-element-20a46bb elementor-section-boxed elementor-section-height-default elementor-section-height-default\" data-id=\"20a46bb\" data-element_type=\"section\">\n\t\t\t\t\t\t<div class=\"elementor-container elementor-column-gap-default\">\n\t\t\t\t\t<div class=\"elementor-column elementor-col-50 elementor-inner-column elementor-element elementor-element-342dbf4\" data-id=\"342dbf4\" data-element_type=\"column\">\n\t\t\t<div class=\"elementor-widget-wrap elementor-element-populated\">\n\t\t\t\t\t\t<div class=\"elementor-element elementor-element-cfb441d elementor-hidden-desktop elementor-hidden-tablet elementor-widget elementor-widget-image\" data-id=\"cfb441d\" data-element_type=\"widget\" data-widget_type=\"image.default\">\n\t\t\t\t<div class=\"elementor-widget-container\">\n\t\t\t\t\t\t\t\t\t\t\t\t\t\t\t<img decoding=\"async\" src=\"https:\/\/rednesp.br\/wp-content\/uploads\/elementor\/thumbs\/CIARA-pwetlgcf3lma886xghzo9lw2lcslwpuruqrcneam1s.gif\" title=\"CIARA\" alt=\"CIARA\" loading=\"lazy\" \/>\t\t\t\t\t\t\t\t\t\t\t\t\t\t\t<\/div>\n\t\t\t\t<\/div>\n\t\t\t\t<div class=\"elementor-element elementor-element-2c2f0eb elementor-widget elementor-widget-text-editor\" data-id=\"2c2f0eb\" data-element_type=\"widget\" data-widget_type=\"text-editor.default\">\n\t\t\t\t<div class=\"elementor-widget-container\">\n\t\t\t\t\t\t\t\t\t<p>The Center for Internet Augmented Research &amp; Assessment (CIARA), located at Florida International University (FIU), functions as an operating partner of rednesp in the US, bringing together technicians and researchers who help to maintain our network through AmLight.<\/p>\t\t\t\t\t\t\t\t<\/div>\n\t\t\t\t<\/div>\n\t\t\t\t\t<\/div>\n\t\t<\/div>\n\t\t\t\t<div class=\"elementor-column elementor-col-50 elementor-inner-column elementor-element elementor-element-cb74c81\" data-id=\"cb74c81\" data-element_type=\"column\">\n\t\t\t<div class=\"elementor-widget-wrap elementor-element-populated\">\n\t\t\t\t\t\t<div class=\"elementor-element elementor-element-158d7c3 elementor-hidden-mobile elementor-widget elementor-widget-image\" data-id=\"158d7c3\" data-element_type=\"widget\" data-widget_type=\"image.default\">\n\t\t\t\t<div class=\"elementor-widget-container\">\n\t\t\t\t\t\t\t\t\t\t\t\t\t\t\t<img decoding=\"async\" src=\"https:\/\/rednesp.br\/wp-content\/uploads\/elementor\/thumbs\/CIARA-pwetlgcf3lma886xghzo9lw2lcslwpuruqrcneam1s.gif\" title=\"CIARA\" alt=\"CIARA\" loading=\"lazy\" \/>\t\t\t\t\t\t\t\t\t\t\t\t\t\t\t<\/div>\n\t\t\t\t<\/div>\n\t\t\t\t\t<\/div>\n\t\t<\/div>\n\t\t\t\t\t<\/div>\n\t\t<\/section>\n\t\t\t\t<section class=\"elementor-section elementor-inner-section elementor-element elementor-element-6199342 elementor-section-boxed elementor-section-height-default elementor-section-height-default\" data-id=\"6199342\" data-element_type=\"section\">\n\t\t\t\t\t\t<div class=\"elementor-container elementor-column-gap-default\">\n\t\t\t\t\t<div class=\"elementor-column elementor-col-50 elementor-inner-column elementor-element elementor-element-1ac1999\" data-id=\"1ac1999\" data-element_type=\"column\">\n\t\t\t<div class=\"elementor-widget-wrap elementor-element-populated\">\n\t\t\t\t\t\t<div class=\"elementor-element elementor-element-217c6a6 elementor-widget elementor-widget-image\" data-id=\"217c6a6\" data-element_type=\"widget\" data-widget_type=\"image.default\">\n\t\t\t\t<div class=\"elementor-widget-container\">\n\t\t\t\t\t\t\t\t\t\t\t\t\t\t\t<img decoding=\"async\" src=\"https:\/\/rednesp.br\/wp-content\/uploads\/elementor\/thumbs\/vera_rubin__logo_200-1-pwetlha9afnkju5kb0eau3nj6qnz4eyi6veu4o983c.png\" title=\"Vera C. Rubin Observatory\" alt=\"Vera C. Rubin Observatory\" loading=\"lazy\" \/>\t\t\t\t\t\t\t\t\t\t\t\t\t\t\t<\/div>\n\t\t\t\t<\/div>\n\t\t\t\t\t<\/div>\n\t\t<\/div>\n\t\t\t\t<div class=\"elementor-column elementor-col-50 elementor-inner-column elementor-element elementor-element-4cdcafc\" data-id=\"4cdcafc\" data-element_type=\"column\">\n\t\t\t<div class=\"elementor-widget-wrap elementor-element-populated\">\n\t\t\t\t\t\t<div class=\"elementor-element elementor-element-fed6109 elementor-widget elementor-widget-text-editor\" data-id=\"fed6109\" data-element_type=\"widget\" data-widget_type=\"text-editor.default\">\n\t\t\t\t<div class=\"elementor-widget-container\">\n\t\t\t\t\t\t\t\t\t<p>Vera C. Rubin Observatory formerly known as the Large Synoptic Survey Telescope (LSST) is an astronomical observatory installed in Chile capable of mapping and photographing the entire visible sky. The rednesp participates in the consortium responsible for the international transmission of the immense amount of data that will be generated daily by the telescope. Further information about Vera C. Rubin links can be found <a href=\"https:\/\/homologacao.rednesp.br\/rede\/#vera_rubin\">aqui<\/a>.<\/p>\t\t\t\t\t\t\t\t<\/div>\n\t\t\t\t<\/div>\n\t\t\t\t\t<\/div>\n\t\t<\/div>\n\t\t\t\t\t<\/div>\n\t\t<\/section>\n\t\t\t\t\t<\/div>\n\t\t<\/div>\n\t\t\t\t\t<\/div>\n\t\t<\/section>\n\t\t\t\t<\/div>","protected":false},"excerpt":{"rendered":"<p>Projetos em que a rednesp est\u00e1 envolvida O projeto AmLight \u00e9 um cons\u00f3rcio acad\u00eamico co-financiado pela NSF, a rednesp e a RNP, voltado \u00e0 opera\u00e7\u00e3o de m\u00faltiplos canais de banda larga entre redes acad\u00eamicas da Am\u00e9rica Latina, tendo como principais pontos de interconex\u00e3o as cidades de Miami (EUA), S\u00e3o Paulo, Fortaleza, Cidade do Panam\u00e1 e [&hellip;]<\/p>","protected":false},"author":2,"featured_media":0,"parent":0,"menu_order":0,"comment_status":"closed","ping_status":"closed","template":"","meta":{"footnotes":""},"class_list":["post-55","page","type-page","status-publish","hentry","entry"],"_links":{"self":[{"href":"https:\/\/rednesp.br\/en\/wp-json\/wp\/v2\/pages\/55","targetHints":{"allow":["GET"]}}],"collection":[{"href":"https:\/\/rednesp.br\/en\/wp-json\/wp\/v2\/pages"}],"about":[{"href":"https:\/\/rednesp.br\/en\/wp-json\/wp\/v2\/types\/page"}],"author":[{"embeddable":true,"href":"https:\/\/rednesp.br\/en\/wp-json\/wp\/v2\/users\/2"}],"replies":[{"embeddable":true,"href":"https:\/\/rednesp.br\/en\/wp-json\/wp\/v2\/comments?post=55"}],"version-history":[{"count":32,"href":"https:\/\/rednesp.br\/en\/wp-json\/wp\/v2\/pages\/55\/revisions"}],"predecessor-version":[{"id":362,"href":"https:\/\/rednesp.br\/en\/wp-json\/wp\/v2\/pages\/55\/revisions\/362"}],"wp:attachment":[{"href":"https:\/\/rednesp.br\/en\/wp-json\/wp\/v2\/media?parent=55"}],"curies":[{"name":"wp","href":"https:\/\/api.w.org\/{rel}","templated":true}]}}