{"id":2,"date":"2022-10-05T13:04:48","date_gmt":"2022-10-05T13:04:48","guid":{"rendered":"https:\/\/www.rednesp.br\/?page_id=2"},"modified":"2026-02-03T12:52:11","modified_gmt":"2026-02-03T15:52:11","slug":"rednesp","status":"publish","type":"page","link":"https:\/\/rednesp.br\/en\/","title":{"rendered":"rednesp: Research and Education Network of the State of S\u00e3o Paulo"},"content":{"rendered":"<div data-elementor-type=\"wp-page\" data-elementor-id=\"2\" class=\"elementor elementor-2\">\n\t\t\t\t\t\t<section class=\"elementor-section elementor-top-section elementor-element elementor-element-22a2ab55 elementor-section-boxed elementor-section-height-default elementor-section-height-default\" data-id=\"22a2ab55\" data-element_type=\"section\">\n\t\t\t\t\t\t<div class=\"elementor-container elementor-column-gap-default\">\n\t\t\t\t\t<div class=\"elementor-column elementor-col-100 elementor-top-column elementor-element elementor-element-1d629145\" data-id=\"1d629145\" data-element_type=\"column\">\n\t\t\t<div class=\"elementor-widget-wrap elementor-element-populated\">\n\t\t\t\t\t\t\t<\/div>\n\t\t<\/div>\n\t\t\t\t\t<\/div>\n\t\t<\/section>\n\t\t\t\t<section class=\"elementor-section elementor-top-section elementor-element elementor-element-2f954fe elementor-section-boxed elementor-section-height-default elementor-section-height-default\" data-id=\"2f954fe\" data-element_type=\"section\">\n\t\t\t\t\t\t<div class=\"elementor-container elementor-column-gap-default\">\n\t\t\t\t\t<div class=\"elementor-column elementor-col-100 elementor-top-column elementor-element elementor-element-a2ccc0b\" data-id=\"a2ccc0b\" data-element_type=\"column\">\n\t\t\t<div class=\"elementor-widget-wrap elementor-element-populated\">\n\t\t\t\t\t\t<div class=\"elementor-element elementor-element-75a16ba elementor-pagination-position-outside elementor-widget elementor-widget-image-carousel\" data-id=\"75a16ba\" data-element_type=\"widget\" data-settings=\"{&quot;navigation&quot;:&quot;dots&quot;,&quot;autoplay&quot;:&quot;yes&quot;,&quot;pause_on_hover&quot;:&quot;yes&quot;,&quot;pause_on_interaction&quot;:&quot;yes&quot;,&quot;autoplay_speed&quot;:5000,&quot;infinite&quot;:&quot;yes&quot;,&quot;speed&quot;:500}\" data-widget_type=\"image-carousel.default\">\n\t\t\t\t<div class=\"elementor-widget-container\">\n\t\t\t\t\t\t\t<div class=\"elementor-image-carousel-wrapper swiper\" role=\"region\" aria-roledescription=\"carousel\" aria-label=\"Image Carousel\" dir=\"ltr\">\n\t\t\t<div class=\"elementor-image-carousel swiper-wrapper\" aria-live=\"off\">\n\t\t\t\t\t\t\t\t<div class=\"swiper-slide\" role=\"group\" aria-roledescription=\"slide\" aria-label=\"1 of 3\"><figure class=\"swiper-slide-inner\"><img decoding=\"async\" class=\"swiper-slide-image\" src=\"https:\/\/rednesp.br\/wp-content\/uploads\/elementor\/thumbs\/earth-3866609_1920-e1601390473633-pwetlhabn2q66vrtajt36hjdkxf4dg5fn6exm254n2.jpg\" alt=\"earth-3866609_1920-e1601390473633\" \/><\/figure><\/div><div class=\"swiper-slide\" role=\"group\" aria-roledescription=\"slide\" aria-label=\"2 of 3\"><figure class=\"swiper-slide-inner\"><img decoding=\"async\" class=\"swiper-slide-image\" src=\"https:\/\/rednesp.br\/wp-content\/uploads\/elementor\/thumbs\/renan-kamikoga-_SRu3lq2ClA-unsplash-scaled-e1599576150562-pwetlhabn2q66vrtajt36hjdkxf4dg5fn6exm254n2.jpg\" alt=\"renan-kamikoga-_SRu3lq2ClA-unsplash-scaled-e1599576150562\" \/><\/figure><\/div><div class=\"swiper-slide\" role=\"group\" aria-roledescription=\"slide\" aria-label=\"3 of 3\"><figure class=\"swiper-slide-inner\"><img decoding=\"async\" class=\"swiper-slide-image\" src=\"https:\/\/rednesp.br\/wp-content\/uploads\/elementor\/thumbs\/jordan-harrison-40XgDxBfYXM-unsplash-scaled-1-pwetlgchg8ovv9t6g1eglzrwzjjr5r1pb1rg4s6ita.jpg\" alt=\"jordan-harrison-40XgDxBfYXM-unsplash-scaled\" \/><\/figure><\/div>\t\t\t<\/div>\n\t\t\t\t\t\t\t\n\t\t\t\t\t\t\t\t\t<div class=\"swiper-pagination\"><\/div>\n\t\t\t\t\t\t\t\t\t<\/div>\n\t\t\t\t\t\t<\/div>\n\t\t\t\t<\/div>\n\t\t\t\t\t<\/div>\n\t\t<\/div>\n\t\t\t\t\t<\/div>\n\t\t<\/section>\n\t\t\t\t<section class=\"elementor-section elementor-top-section elementor-element elementor-element-cb46907 elementor-section-boxed elementor-section-height-default elementor-section-height-default\" data-id=\"cb46907\" data-element_type=\"section\">\n\t\t\t\t\t\t<div class=\"elementor-container elementor-column-gap-default\">\n\t\t\t\t\t<div class=\"elementor-column elementor-col-100 elementor-top-column elementor-element elementor-element-81c2be2\" data-id=\"81c2be2\" data-element_type=\"column\">\n\t\t\t<div class=\"elementor-widget-wrap elementor-element-populated\">\n\t\t\t\t\t\t<div class=\"elementor-element elementor-element-985ec3a elementor-widget elementor-widget-text-editor\" data-id=\"985ec3a\" data-element_type=\"widget\" data-widget_type=\"text-editor.default\">\n\t\t\t\t<div class=\"elementor-widget-container\">\n\t\t\t\t\t\t\t\t\t<p><strong><\/strong><\/p>\n<p><strong>According to the FAPESP, the State of S\u00e3o Paulo accounts for 48% of Brazilian PhD's, and for 50% of the national production of scientific articles in indexed journals.<\/strong><\/p>\n<p><strong>Thus, the S\u00e3o Paulo scientific community has sufficient demand to justify the existence of its own academic network,<\/strong><\/p>\n<p><strong>which is why rednesp (Research and Education Network of S\u00e3o Paulo) exists.<\/strong><\/p>\n<p><strong><\/strong><\/p>\t\t\t\t\t\t\t\t<\/div>\n\t\t\t\t<\/div>\n\t\t\t\t\t<\/div>\n\t\t<\/div>\n\t\t\t\t\t<\/div>\n\t\t<\/section>\n\t\t\t\t<section class=\"elementor-section elementor-top-section elementor-element elementor-element-b869e32 elementor-section-boxed elementor-section-height-default elementor-section-height-default\" data-id=\"b869e32\" data-element_type=\"section\">\n\t\t\t\t\t\t<div class=\"elementor-container elementor-column-gap-default\">\n\t\t\t\t\t<div class=\"elementor-column elementor-col-100 elementor-top-column elementor-element elementor-element-af8d509\" data-id=\"af8d509\" data-element_type=\"column\">\n\t\t\t<div class=\"elementor-widget-wrap elementor-element-populated\">\n\t\t\t\t\t\t<div class=\"elementor-element elementor-element-29c2c7a elementor-widget elementor-widget-image\" data-id=\"29c2c7a\" data-element_type=\"widget\" data-widget_type=\"image.default\">\n\t\t\t\t<div class=\"elementor-widget-container\">\n\t\t\t\t\t\t\t\t\t\t\t\t\t\t\t<img fetchpriority=\"high\" decoding=\"async\" width=\"768\" height=\"236\" src=\"https:\/\/rednesp.br\/wp-content\/uploads\/2026\/02\/Imagem1-768x236.png\" class=\"attachment-medium_large size-medium_large wp-image-593\" alt=\"\" srcset=\"https:\/\/rednesp.br\/wp-content\/uploads\/2026\/02\/Imagem1-768x236.png 768w, https:\/\/rednesp.br\/wp-content\/uploads\/2026\/02\/Imagem1-300x92.png 300w, https:\/\/rednesp.br\/wp-content\/uploads\/2026\/02\/Imagem1-1024x315.png 1024w, https:\/\/rednesp.br\/wp-content\/uploads\/2026\/02\/Imagem1-18x6.png 18w, https:\/\/rednesp.br\/wp-content\/uploads\/2026\/02\/Imagem1.png 1253w\" sizes=\"(max-width: 768px) 100vw, 768px\" \/>\t\t\t\t\t\t\t\t\t\t\t\t\t\t\t<\/div>\n\t\t\t\t<\/div>\n\t\t\t\t\t<\/div>\n\t\t<\/div>\n\t\t\t\t\t<\/div>\n\t\t<\/section>\n\t\t\t\t<section class=\"elementor-section elementor-top-section elementor-element elementor-element-8f82828 elementor-section-boxed elementor-section-height-default elementor-section-height-default\" data-id=\"8f82828\" data-element_type=\"section\">\n\t\t\t\t\t\t<div class=\"elementor-container elementor-column-gap-default\">\n\t\t\t\t\t<div class=\"elementor-column elementor-col-100 elementor-top-column elementor-element elementor-element-b48fff7\" data-id=\"b48fff7\" data-element_type=\"column\">\n\t\t\t<div class=\"elementor-widget-wrap elementor-element-populated\">\n\t\t\t\t\t\t<div class=\"elementor-element elementor-element-6c45906 elementor-widget elementor-widget-google_maps\" data-id=\"6c45906\" data-element_type=\"widget\" data-widget_type=\"google_maps.default\">\n\t\t\t\t<div class=\"elementor-widget-container\">\n\t\t\t\t\t\t\t<div class=\"elementor-custom-embed\">\n\t\t\t<iframe loading=\"lazy\"\n\t\t\t\t\tsrc=\"https:\/\/maps.google.com\/maps?q=fundacao%20de%20amparo%20a%20pesquisa%20do%20estado%20de%20sao%20paulo%2C%20sao%20paulo%2C%20sp&#038;t=m&#038;z=10&#038;output=embed&#038;iwloc=near\"\n\t\t\t\t\ttitle=\"fundacao de amparo a pesquisa do estado de sao paulo, sao paulo, sp\"\n\t\t\t\t\taria-label=\"fundacao de amparo a pesquisa do estado de sao paulo, sao paulo, sp\"\n\t\t\t><\/iframe>\n\t\t<\/div>\n\t\t\t\t\t\t<\/div>\n\t\t\t\t<\/div>\n\t\t\t\t\t<\/div>\n\t\t<\/div>\n\t\t\t\t\t<\/div>\n\t\t<\/section>\n\t\t\t\t<\/div>","protected":false},"excerpt":{"rendered":"<p>Segundo a FAPESP, o Estado de S\u00e3o Paulo responde por 48% dos doutores formados no Brasil, e por 50% da produ\u00e7\u00e3o nacional de artigos cient\u00edficos em revistas indexadas. Assim, a comunidade cient\u00edfica paulista tem demanda suficiente para justificar a exist\u00eancia de uma rede acad\u00eamica pr\u00f3pria no Estado, e \u00e9 por esse motivo que existe a [&hellip;]<\/p>","protected":false},"author":2,"featured_media":0,"parent":0,"menu_order":0,"comment_status":"closed","ping_status":"closed","template":"","meta":{"footnotes":""},"class_list":["post-2","page","type-page","status-publish","hentry","entry"],"_links":{"self":[{"href":"https:\/\/rednesp.br\/en\/wp-json\/wp\/v2\/pages\/2","targetHints":{"allow":["GET"]}}],"collection":[{"href":"https:\/\/rednesp.br\/en\/wp-json\/wp\/v2\/pages"}],"about":[{"href":"https:\/\/rednesp.br\/en\/wp-json\/wp\/v2\/types\/page"}],"author":[{"embeddable":true,"href":"https:\/\/rednesp.br\/en\/wp-json\/wp\/v2\/users\/2"}],"replies":[{"embeddable":true,"href":"https:\/\/rednesp.br\/en\/wp-json\/wp\/v2\/comments?post=2"}],"version-history":[{"count":71,"href":"https:\/\/rednesp.br\/en\/wp-json\/wp\/v2\/pages\/2\/revisions"}],"predecessor-version":[{"id":596,"href":"https:\/\/rednesp.br\/en\/wp-json\/wp\/v2\/pages\/2\/revisions\/596"}],"wp:attachment":[{"href":"https:\/\/rednesp.br\/en\/wp-json\/wp\/v2\/media?parent=2"}],"curies":[{"name":"wp","href":"https:\/\/api.w.org\/{rel}","templated":true}]}}