{"id":10,"date":"2022-10-05T14:51:03","date_gmt":"2022-10-05T17:51:03","guid":{"rendered":"https:\/\/www.rednesp.br\/?page_id=10"},"modified":"2023-03-06T15:08:00","modified_gmt":"2023-03-06T18:08:00","slug":"institucional","status":"publish","type":"page","link":"https:\/\/rednesp.br\/en\/institucional\/","title":{"rendered":"About"},"content":{"rendered":"<div data-elementor-type=\"wp-post\" data-elementor-id=\"10\" class=\"elementor elementor-10\">\n\t\t\t\t\t\t<section class=\"elementor-section elementor-top-section elementor-element elementor-element-9f347db elementor-section-boxed elementor-section-height-default elementor-section-height-default\" data-id=\"9f347db\" data-element_type=\"section\">\n\t\t\t\t\t\t<div class=\"elementor-container elementor-column-gap-default\">\n\t\t\t\t\t<div class=\"elementor-column elementor-col-100 elementor-top-column elementor-element elementor-element-d5b8b38\" data-id=\"d5b8b38\" data-element_type=\"column\">\n\t\t\t<div class=\"elementor-widget-wrap elementor-element-populated\">\n\t\t\t\t\t\t<div class=\"elementor-element elementor-element-614f30e elementor-widget elementor-widget-spacer\" data-id=\"614f30e\" data-element_type=\"widget\" data-widget_type=\"spacer.default\">\n\t\t\t\t<div class=\"elementor-widget-container\">\n\t\t\t\t\t\t\t<div class=\"elementor-spacer\">\n\t\t\t<div class=\"elementor-spacer-inner\"><\/div>\n\t\t<\/div>\n\t\t\t\t\t\t<\/div>\n\t\t\t\t<\/div>\n\t\t\t\t<div class=\"elementor-element elementor-element-cc3ab6e elementor-widget elementor-widget-heading\" data-id=\"cc3ab6e\" data-element_type=\"widget\" data-widget_type=\"heading.default\">\n\t\t\t\t<div class=\"elementor-widget-container\">\n\t\t\t\t\t<h2 class=\"elementor-heading-title elementor-size-default\">About rednesp<\/h2>\t\t\t\t<\/div>\n\t\t\t\t<\/div>\n\t\t\t\t<section class=\"elementor-section elementor-inner-section elementor-element elementor-element-cc9f48d elementor-section-boxed elementor-section-height-default elementor-section-height-default\" data-id=\"cc9f48d\" data-element_type=\"section\">\n\t\t\t\t\t\t<div class=\"elementor-container elementor-column-gap-default\">\n\t\t\t\t\t<div class=\"elementor-column elementor-col-50 elementor-inner-column elementor-element elementor-element-6c3681d\" data-id=\"6c3681d\" data-element_type=\"column\">\n\t\t\t<div class=\"elementor-widget-wrap elementor-element-populated\">\n\t\t\t\t\t\t<div class=\"elementor-element elementor-element-a349f6f elementor-widget elementor-widget-text-editor\" data-id=\"a349f6f\" data-element_type=\"widget\" data-widget_type=\"text-editor.default\">\n\t\t\t\t<div class=\"elementor-widget-container\">\n\t\t\t\t\t\t\t\t\t<p>Few people know, but the internet that professors, staff and students access at colleges and universities around the world is not the same as that used by ordinary users, at home or at work.<\/p><p><span style=\"font-size: 14px; color: var( --e-global-color-text );\">In general, each country has its own \u201cacademic network\u201d, a high-speed network specifically for research and \u200b\u200beducation areas, with traffic capacity superior to the commercial internet and independent of it, even though working together with its operators.<\/span><\/p><p><span style=\"font-size: 14px; color: var( --e-global-color-text );\">Although generally having national coverage, academic networks can also extrapolate state boundaries in a regional\/continental configuration, or, in specific cases, have a sub-national dimension.<\/span><\/p><p><span style=\"font-size: 14px; color: var( --e-global-color-text );\">It is the case, in Brazil, of the State of S\u00e3o Paulo, which for accounting for about 50% of the national scientific production (data from FAPESP), has sufficient demand to have its own academic network, known as rednesp (Research and Education Network of S\u00e3o Paulo).<\/span><\/p>\t\t\t\t\t\t\t\t<\/div>\n\t\t\t\t<\/div>\n\t\t\t\t\t<\/div>\n\t\t<\/div>\n\t\t\t\t<div class=\"elementor-column elementor-col-50 elementor-inner-column elementor-element elementor-element-0995bac\" data-id=\"0995bac\" data-element_type=\"column\">\n\t\t\t<div class=\"elementor-widget-wrap elementor-element-populated\">\n\t\t\t\t\t\t<div class=\"elementor-element elementor-element-c9e7ccb elementor-widget elementor-widget-image\" data-id=\"c9e7ccb\" data-element_type=\"widget\" data-widget_type=\"image.default\">\n\t\t\t\t<div class=\"elementor-widget-container\">\n\t\t\t\t\t\t\t\t\t\t\t\t<figure class=\"wp-caption\">\n\t\t\t\t\t\t\t\t\t\t\t<a href=\"https:\/\/bv.fapesp.br\/pt\/114\/rede-ansp\/\">\n\t\t\t\t\t\t\t<img decoding=\"async\" width=\"225\" height=\"88\" src=\"https:\/\/rednesp.br\/wp-content\/uploads\/2022\/10\/bv-cdi-fapesp.jpg\" class=\"attachment-large size-large wp-image-80\" alt=\"\" \/>\t\t\t\t\t\t\t\t<\/a>\n\t\t\t\t\t\t\t\t\t\t\t<figcaption class=\"widget-image-caption wp-caption-text\">The rednesp in the FAPESP Virtual Library<\/figcaption>\n\t\t\t\t\t\t\t\t\t\t<\/figure>\n\t\t\t\t\t\t\t\t\t<\/div>\n\t\t\t\t<\/div>\n\t\t\t\t\t<\/div>\n\t\t<\/div>\n\t\t\t\t\t<\/div>\n\t\t<\/section>\n\t\t\t\t\t<\/div>\n\t\t<\/div>\n\t\t\t\t\t<\/div>\n\t\t<\/section>\n\t\t\t\t<section class=\"elementor-section elementor-top-section elementor-element elementor-element-ccd2965 elementor-section-boxed elementor-section-height-default elementor-section-height-default\" data-id=\"ccd2965\" data-element_type=\"section\">\n\t\t\t\t\t\t<div class=\"elementor-container elementor-column-gap-default\">\n\t\t\t\t\t<div class=\"elementor-column elementor-col-100 elementor-top-column elementor-element elementor-element-79dcf70\" data-id=\"79dcf70\" data-element_type=\"column\">\n\t\t\t<div class=\"elementor-widget-wrap elementor-element-populated\">\n\t\t\t\t\t\t<div class=\"elementor-element elementor-element-af95a36 elementor-widget elementor-widget-heading\" data-id=\"af95a36\" data-element_type=\"widget\" data-widget_type=\"heading.default\">\n\t\t\t\t<div class=\"elementor-widget-container\">\n\t\t\t\t\t<h2 class=\"elementor-heading-title elementor-size-default\">rednesp Mission<\/h2>\t\t\t\t<\/div>\n\t\t\t\t<\/div>\n\t\t\t\t<section class=\"elementor-section elementor-inner-section elementor-element elementor-element-b75b3bc elementor-section-boxed elementor-section-height-default elementor-section-height-default\" data-id=\"b75b3bc\" data-element_type=\"section\">\n\t\t\t\t\t\t<div class=\"elementor-container elementor-column-gap-default\">\n\t\t\t\t\t<div class=\"elementor-column elementor-col-100 elementor-inner-column elementor-element elementor-element-2169d1b\" data-id=\"2169d1b\" data-element_type=\"column\">\n\t\t\t<div class=\"elementor-widget-wrap elementor-element-populated\">\n\t\t\t\t\t\t<div class=\"elementor-element elementor-element-2e9ca69 elementor-widget elementor-widget-text-editor\" data-id=\"2e9ca69\" data-element_type=\"widget\" data-widget_type=\"text-editor.default\">\n\t\t\t\t<div class=\"elementor-widget-container\">\n\t\t\t\t\t\t\t\t\tProvide connectivity of computer networks in the state of the art to the research community of the State of S\u00e3o Paulo.\t\t\t\t\t\t\t\t<\/div>\n\t\t\t\t<\/div>\n\t\t\t\t\t<\/div>\n\t\t<\/div>\n\t\t\t\t\t<\/div>\n\t\t<\/section>\n\t\t\t\t\t<\/div>\n\t\t<\/div>\n\t\t\t\t\t<\/div>\n\t\t<\/section>\n\t\t\t\t<section class=\"elementor-section elementor-top-section elementor-element elementor-element-c9500d2 elementor-section-boxed elementor-section-height-default elementor-section-height-default\" data-id=\"c9500d2\" data-element_type=\"section\">\n\t\t\t\t\t\t<div class=\"elementor-container elementor-column-gap-default\">\n\t\t\t\t\t<div class=\"elementor-column elementor-col-100 elementor-top-column elementor-element elementor-element-8e2ccc1\" data-id=\"8e2ccc1\" data-element_type=\"column\">\n\t\t\t<div class=\"elementor-widget-wrap elementor-element-populated\">\n\t\t\t\t\t\t<div class=\"elementor-element elementor-element-d9ca732 elementor-widget elementor-widget-heading\" data-id=\"d9ca732\" data-element_type=\"widget\" data-widget_type=\"heading.default\">\n\t\t\t\t<div class=\"elementor-widget-container\">\n\t\t\t\t\t<h2 class=\"elementor-heading-title elementor-size-default\">The rednesp yesterday and today<\/h2>\t\t\t\t<\/div>\n\t\t\t\t<\/div>\n\t\t\t\t<section class=\"elementor-section elementor-inner-section elementor-element elementor-element-681008e elementor-section-boxed elementor-section-height-default elementor-section-height-default\" data-id=\"681008e\" data-element_type=\"section\">\n\t\t\t\t\t\t<div class=\"elementor-container elementor-column-gap-default\">\n\t\t\t\t\t<div class=\"elementor-column elementor-col-50 elementor-inner-column elementor-element elementor-element-9919e8f\" data-id=\"9919e8f\" data-element_type=\"column\">\n\t\t\t<div class=\"elementor-widget-wrap elementor-element-populated\">\n\t\t\t\t\t\t<div class=\"elementor-element elementor-element-50ea25d elementor-widget elementor-widget-text-editor\" data-id=\"50ea25d\" data-element_type=\"widget\" data-widget_type=\"text-editor.default\">\n\t\t\t\t<div class=\"elementor-widget-container\">\n\t\t\t\t\t\t\t\t\t<p>Few people know it either, but the internet as we know it today had its first embryo in the United States of America (USA) in the late 1960s, as an academic-military project that aimed to connect geographically distant universities.<\/p><p>In Brazil, after several projects and initiatives since the 1970s, it was in March 1989 that a network of five academic institutions in the State of S\u00e3o Paulo (FAPESP, USP, Unicamp, Unesp and IPT) connected to Bitnet - predecessor of Internet - in Chicago, USA, thus making ANSP (today rednesp) the first interinstitutional academic network in Brazil.<\/p>\t\t\t\t\t\t\t\t<\/div>\n\t\t\t\t<\/div>\n\t\t\t\t\t<\/div>\n\t\t<\/div>\n\t\t\t\t<div class=\"elementor-column elementor-col-50 elementor-inner-column elementor-element elementor-element-0fdbf3f\" data-id=\"0fdbf3f\" data-element_type=\"column\">\n\t\t\t<div class=\"elementor-widget-wrap elementor-element-populated\">\n\t\t\t\t\t\t<div class=\"elementor-element elementor-element-1974c98 elementor-widget elementor-widget-image\" data-id=\"1974c98\" data-element_type=\"widget\" data-widget_type=\"image.default\">\n\t\t\t\t<div class=\"elementor-widget-container\">\n\t\t\t\t\t\t\t\t\t\t\t\t\t\t\t\t<a href=\"https:\/\/www.rednesp.br\/wp-content\/uploads\/2022\/10\/Rednesp-no-tempo-pt-1.png\" data-elementor-open-lightbox=\"yes\" data-elementor-lightbox-title=\"rednesp no tempo ptbr\" data-e-action-hash=\"#elementor-action%3Aaction%3Dlightbox%26settings%3DeyJpZCI6ODksInVybCI6Imh0dHBzOlwvXC9yZWRuZXNwLmJyXC93cC1jb250ZW50XC91cGxvYWRzXC8yMDIyXC8xMFwvUmVkbmVzcC1uby10ZW1wby1wdC0xLnBuZyJ9\">\n\t\t\t\t\t\t\t<img fetchpriority=\"high\" decoding=\"async\" width=\"1024\" height=\"343\" src=\"https:\/\/rednesp.br\/wp-content\/uploads\/2022\/10\/Rednesp-no-tempo-pt-1-1024x343.png\" class=\"attachment-large size-large wp-image-89\" alt=\"\" srcset=\"https:\/\/rednesp.br\/wp-content\/uploads\/2022\/10\/Rednesp-no-tempo-pt-1-1024x343.png 1024w, https:\/\/rednesp.br\/wp-content\/uploads\/2022\/10\/Rednesp-no-tempo-pt-1-300x100.png 300w, https:\/\/rednesp.br\/wp-content\/uploads\/2022\/10\/Rednesp-no-tempo-pt-1-768x257.png 768w, https:\/\/rednesp.br\/wp-content\/uploads\/2022\/10\/Rednesp-no-tempo-pt-1-1536x514.png 1536w, https:\/\/rednesp.br\/wp-content\/uploads\/2022\/10\/Rednesp-no-tempo-pt-1.png 1584w\" sizes=\"(max-width: 1024px) 100vw, 1024px\" \/>\t\t\t\t\t\t\t\t<\/a>\n\t\t\t\t\t\t\t\t\t\t\t\t\t\t\t<\/div>\n\t\t\t\t<\/div>\n\t\t\t\t\t<\/div>\n\t\t<\/div>\n\t\t\t\t\t<\/div>\n\t\t<\/section>\n\t\t\t\t<div class=\"elementor-element elementor-element-aa7b7bb elementor-widget elementor-widget-text-editor\" data-id=\"aa7b7bb\" data-element_type=\"widget\" data-widget_type=\"text-editor.default\">\n\t\t\t\t<div class=\"elementor-widget-container\">\n\t\t\t\t\t\t\t\t\t<p>First Brazilian institution also to connect to the Internet in 1991, and the only access point to this network in Brazil until 1994, ANSP was the core of the Brazilian Internet until its commercial opening, when ANSP gradually directed its efforts exclusively for the academic area.<\/p><p>Funded by FAPESP since its beginning, rednesp connects today <strong>36<\/strong> research and education institutions in the State of S\u00e3o Paulo (among themselves and abroad), based on cooperation with international academic consortia and networks such as AmLight, RedCLARA and GNA-G.<\/p><p>In this international plan, rednesp is co-responsible for managing a 100G fiber optic ring between S\u00e3o Paulo, Miami (USA) and Santiago (Chile), but the network continues to grow: in 2019, the capacity between S\u00e3o Paulo and Miami has already been increased by more <strong>200<\/strong>G, as well as a direct link between Brazil and Africa was opened in 2020.<\/p><p>Also in 2020, and aiming at the institutionalization of the project at the initiative of FAPESP, the coordination of the old ANSP started to be carried out by an executive committee linked to the Council of Rectors of the State Universities of S\u00e3o Paulo (CRUESP), being then renamed as rednesp (Research and Education Network of S\u00e3o Paulo).<\/p>\t\t\t\t\t\t\t\t<\/div>\n\t\t\t\t<\/div>\n\t\t\t\t<div class=\"elementor-element elementor-element-6bbe600 elementor-widget elementor-widget-text-editor\" data-id=\"6bbe600\" data-element_type=\"widget\" data-widget_type=\"text-editor.default\">\n\t\t\t\t<div class=\"elementor-widget-container\">\n\t\t\t\t\t\t\t\t\t<p><span style=\"font-size: 14px; color: var( --e-global-color-text );\">Thus, carrying a long history and articulating great partnerships in Brazil and abroad, rednesp manages to provide a high-capacity and state-of-the-art internet to the robust scientific community of the State of S\u00e3o Paulo, also cooperating for the viability of academic internet throughout the Brazilian territory.<\/span><\/p>\t\t\t\t\t\t\t\t<\/div>\n\t\t\t\t<\/div>\n\t\t\t\t\t<\/div>\n\t\t<\/div>\n\t\t\t\t\t<\/div>\n\t\t<\/section>\n\t\t\t\t<section class=\"elementor-section elementor-top-section elementor-element elementor-element-af6da9c elementor-section-boxed elementor-section-height-default elementor-section-height-default\" data-id=\"af6da9c\" data-element_type=\"section\">\n\t\t\t\t\t\t<div class=\"elementor-container elementor-column-gap-default\">\n\t\t\t\t\t<div class=\"elementor-column elementor-col-100 elementor-top-column elementor-element elementor-element-07c82ed\" data-id=\"07c82ed\" data-element_type=\"column\">\n\t\t\t<div class=\"elementor-widget-wrap elementor-element-populated\">\n\t\t\t\t\t\t<div class=\"elementor-element elementor-element-c0124a5 elementor-widget elementor-widget-heading\" data-id=\"c0124a5\" data-element_type=\"widget\" data-widget_type=\"heading.default\">\n\t\t\t\t<div class=\"elementor-widget-container\">\n\t\t\t\t\t<h2 class=\"elementor-heading-title elementor-size-default\">The rednesp's visual identity: dynamism and technology<\/h2>\t\t\t\t<\/div>\n\t\t\t\t<\/div>\n\t\t\t\t<section class=\"elementor-section elementor-inner-section elementor-element elementor-element-088ada3 elementor-section-boxed elementor-section-height-default elementor-section-height-default\" data-id=\"088ada3\" data-element_type=\"section\">\n\t\t\t\t\t\t<div class=\"elementor-container elementor-column-gap-default\">\n\t\t\t\t\t<div class=\"elementor-column elementor-col-50 elementor-inner-column elementor-element elementor-element-2496d1f\" data-id=\"2496d1f\" data-element_type=\"column\">\n\t\t\t<div class=\"elementor-widget-wrap elementor-element-populated\">\n\t\t\t\t\t\t<div class=\"elementor-element elementor-element-a5c336b elementor-widget elementor-widget-text-editor\" data-id=\"a5c336b\" data-element_type=\"widget\" data-widget_type=\"text-editor.default\">\n\t\t\t\t<div class=\"elementor-widget-container\">\n\t\t\t\t\t\t\t\t\t<p>Movement, speed and connection are at the heart of rednesp. They are fundamental meanings to be generated by its visual identity, which represent the quality of everything it builds and offers.<\/p><p>The highest technology in the transmission of data between researchers is a strong value proposition, which occupies the centrality of the guidelines for this construction.<\/p><p>This connection, with speed, quality and robustness, is what allows the expansion of ideas, knowledge and science; the exchange between S\u00e3o Paulo, Brazil and the world strengthens relations and makes the field grow.<\/p>\t\t\t\t\t\t\t\t<\/div>\n\t\t\t\t<\/div>\n\t\t\t\t\t<\/div>\n\t\t<\/div>\n\t\t\t\t<div class=\"elementor-column elementor-col-50 elementor-inner-column elementor-element elementor-element-c336d43\" data-id=\"c336d43\" data-element_type=\"column\">\n\t\t\t<div class=\"elementor-widget-wrap elementor-element-populated\">\n\t\t\t\t\t\t<div class=\"elementor-element elementor-element-357c436 elementor-widget elementor-widget-image\" data-id=\"357c436\" data-element_type=\"widget\" data-widget_type=\"image.default\">\n\t\t\t\t<div class=\"elementor-widget-container\">\n\t\t\t\t\t\t\t\t\t\t\t\t\t\t\t\t<a href=\"https:\/\/www.rednesp.br\/wp-content\/uploads\/2022\/10\/REDNESP_logo-elementos-scaled-1.jpg\" data-elementor-open-lightbox=\"yes\" data-elementor-lightbox-title=\"rednesp logo - elementos\" data-e-action-hash=\"#elementor-action%3Aaction%3Dlightbox%26settings%3DeyJpZCI6MTA5LCJ1cmwiOiJodHRwczpcL1wvcmVkbmVzcC5iclwvd3AtY29udGVudFwvdXBsb2Fkc1wvMjAyMlwvMTBcL1JFRE5FU1BfbG9nby1lbGVtZW50b3Mtc2NhbGVkLTEuanBnIn0%3D\">\n\t\t\t\t\t\t\t<img decoding=\"async\" width=\"300\" height=\"212\" src=\"https:\/\/rednesp.br\/wp-content\/uploads\/2022\/10\/REDNESP_logo-elements-en.png\" class=\"attachment-medium size-medium wp-image-109\" alt=\"\" srcset=\"https:\/\/rednesp.br\/wp-content\/uploads\/2022\/10\/REDNESP_logo-elements-en.png 3508w, https:\/\/rednesp.br\/wp-content\/uploads\/2022\/10\/REDNESP_logo-elements-en-300x212.png 300w, https:\/\/rednesp.br\/wp-content\/uploads\/2022\/10\/REDNESP_logo-elements-en-1024x724.png 1024w, https:\/\/rednesp.br\/wp-content\/uploads\/2022\/10\/REDNESP_logo-elements-en-768x543.png 768w, https:\/\/rednesp.br\/wp-content\/uploads\/2022\/10\/REDNESP_logo-elements-en-1536x1086.png 1536w, https:\/\/rednesp.br\/wp-content\/uploads\/2022\/10\/REDNESP_logo-elements-en-2048x1448.png 2048w, https:\/\/rednesp.br\/wp-content\/uploads\/2022\/10\/REDNESP_logo-elements-en-18x12.png 18w\" sizes=\"(max-width: 300px) 100vw, 300px\" \/>\t\t\t\t\t\t\t\t<\/a>\n\t\t\t\t\t\t\t\t\t\t\t\t\t\t\t<\/div>\n\t\t\t\t<\/div>\n\t\t\t\t\t<\/div>\n\t\t<\/div>\n\t\t\t\t\t<\/div>\n\t\t<\/section>\n\t\t\t\t\t<\/div>\n\t\t<\/div>\n\t\t\t\t\t<\/div>\n\t\t<\/section>\n\t\t\t\t<\/div>","protected":false},"excerpt":{"rendered":"<p>Sobre a rednesp Poucas pessoas sabem, mas a internet que professores, funcion\u00e1rios e alunos acessam nas faculdades e universidades em quase todo o mundo, n\u00e3o \u00e9 a mesma utilizada pelos usu\u00e1rios comuns em suas casas ou no trabalho. De maneira geral, cada pa\u00eds tem a sua pr\u00f3pria \u201crede acad\u00eamica\u201d, uma rede de alta velocidade espec\u00edfica [&hellip;]<\/p>","protected":false},"author":2,"featured_media":0,"parent":0,"menu_order":0,"comment_status":"closed","ping_status":"closed","template":"","meta":{"footnotes":""},"class_list":["post-10","page","type-page","status-publish","hentry","entry"],"_links":{"self":[{"href":"https:\/\/rednesp.br\/en\/wp-json\/wp\/v2\/pages\/10","targetHints":{"allow":["GET"]}}],"collection":[{"href":"https:\/\/rednesp.br\/en\/wp-json\/wp\/v2\/pages"}],"about":[{"href":"https:\/\/rednesp.br\/en\/wp-json\/wp\/v2\/types\/page"}],"author":[{"embeddable":true,"href":"https:\/\/rednesp.br\/en\/wp-json\/wp\/v2\/users\/2"}],"replies":[{"embeddable":true,"href":"https:\/\/rednesp.br\/en\/wp-json\/wp\/v2\/comments?post=10"}],"version-history":[{"count":51,"href":"https:\/\/rednesp.br\/en\/wp-json\/wp\/v2\/pages\/10\/revisions"}],"predecessor-version":[{"id":394,"href":"https:\/\/rednesp.br\/en\/wp-json\/wp\/v2\/pages\/10\/revisions\/394"}],"wp:attachment":[{"href":"https:\/\/rednesp.br\/en\/wp-json\/wp\/v2\/media?parent=10"}],"curies":[{"name":"wp","href":"https:\/\/api.w.org\/{rel}","templated":true}]}}